{"id":581,"date":"2015-06-08T19:52:15","date_gmt":"2015-06-08T17:52:15","guid":{"rendered":"https:\/\/www.savannahexplorers.com\/blog\/?page_id=581"},"modified":"2022-07-10T12:47:46","modified_gmt":"2022-07-10T10:47:46","slug":"informativa-cookie","status":"publish","type":"page","link":"https:\/\/www.savannahexplorers.com\/blog\/informativa-cookie\/","title":{"rendered":"Informativa Cookie"},"content":{"rendered":"<div class=\"cookie-law\">\n<p>In questa pagina troverete le informazioni sui cookie in base alla direttiva Europea 2009\/136\/CE denominata &#8220;Cookie Law&#8221; e le istruzioni su come disabilitare i cookie (vedi <a title=\"disabilitare i cookie\" href=\"#disable-cookie\">in fondo alla pagina<\/a>).<\/p>\n<p>Le informazioni riportate di seguito, sono tratte dal sito web del Garante Italiano per la protezione dei dati personali <a href=\"http:\/\/www.garanteprivacy.it\" rel=\"nofollow noopener\" target=\"_blank\">http:\/\/www.garanteprivacy.it<\/a><\/p>\n<p>.<\/p>\n<blockquote cite=\"http:\/\/www.garanteprivacy.it\/web\/guest\/home\/docweb\/-\/docweb-display\/docweb\/3118884\">\n<h3>Cosa sono i cookie?<\/h3>\n<p>I cookie sono piccole stringhe di testo che i siti visitati dall&#8217;utente inviano al suo terminale (solitamente al browser), dove vengono memorizzati per essere poi ritrasmessi agli stessi siti alla successiva visita del medesimo utente. Nel corso della navigazione su un sito, l&#8217;utente pu\u00f2 ricevere sul suo terminale anche cookie che vengono inviati da siti o da web server diversi (c.d. &#8220;terze parti&#8221;), sui quali possono risiedere alcuni elementi (quali, ad esempio, immagini, mappe, suoni, specifici link a pagine di altri domini) presenti sul sito che lo stesso sta visitando.<\/p>\n<h3>A cosa servono i cookie?<\/h3>\n<p>I cookie, solitamente presenti nei browser degli utenti in numero molto elevato e a volte anche con caratteristiche di ampia persistenza temporale, sono usati per differenti finalit\u00e0: esecuzione di autenticazioni informatiche, monitoraggio di sessioni, memorizzazione di informazioni su specifiche configurazioni riguardanti gli utenti che accedono al server, ecc.<\/p>\n<h3>La normativa cookie law Europea e Italiana<\/h3>\n<p>Al fine di giungere a una corretta regolamentazione di tali dispositivi, \u00e8 necessario distinguerli posto che non vi sono delle caratteristiche tecniche che li differenziano gli uni dagli altri proprio sulla base delle finalit\u00e0 perseguite da chi li utilizza. In tale direzione si \u00e8 mosso, peraltro, lo stesso legislatore, che, in attuazione delle disposizioni contenute nella direttiva 2009\/136\/CE, ha ricondotto l&#8217;obbligo di acquisire il consenso preventivo e informato degli utenti all&#8217;installazione di cookie utilizzati per finalit\u00e0 diverse da quelle meramente tecniche (cfr. art. 1, comma 5, lett. a), del d. lgs. 28 maggio 2012, n. 69, che ha modificato l&#8217;art. 122 del Codice).<\/p>\n<h3>Tipi di cookie<\/h3>\n<p>Al riguardo, e ai fini del presente provvedimento, si individuano pertanto due macro-categorie: cookie &#8220;tecnici&#8221; e cookie &#8220;di profilazione\u201d.<\/p>\n<h4>a. Cookie tecnici.<\/h4>\n<p>I cookie tecnici sono quelli utilizzati al solo fine di &#8220;effettuare la trasmissione di una comunicazione su una rete di comunicazione elettronica, o nella misura strettamente necessaria al fornitore di un servizio della societ\u00e0 dell&#8217;informazione esplicitamente richiesto dall&#8217;abbonato o dall&#8217;utente a erogare tale servizio&#8221; (cfr. art. 122, comma 1, del Codice).<\/p>\n<p>Essi non vengono utilizzati per scopi ulteriori e sono normalmente installati direttamente dal titolare o gestore del sito web. Possono essere suddivisi in cookie di navigazione o di sessione, che garantiscono la normale navigazione e fruizione del sito web (permettendo, ad esempio, di realizzare un acquisto o autenticarsi per accedere ad aree riservate); cookie analytics, assimilati ai cookie tecnici laddove utilizzati direttamente dal gestore del sito per raccogliere informazioni, in forma aggregata, sul numero degli utenti e su come questi visitano il sito stesso; cookie di funzionalit\u00e0, che permettono all&#8217;utente la navigazione in funzione di una serie di criteri selezionati (ad esempio, la lingua, i prodotti selezionati per l&#8217;acquisto) al fine di migliorare il servizio reso allo stesso.<\/p>\n<p>Per l&#8217;installazione di tali cookie non \u00e8 richiesto il preventivo consenso degli utenti, mentre resta fermo l&#8217;obbligo di dare l&#8217;informativa ai sensi dell&#8217;art. 13 del Codice, che il gestore del sito, qualora utilizzi soltanto tali dispositivi, potr\u00e0 fornire con le modalit\u00e0 che ritiene pi\u00f9 idonee.<\/p>\n<h4>b. Cookie di profilazione.<\/h4>\n<p>I cookie di profilazione sono volti a creare profili relativi all&#8217;utente e vengono utilizzati al fine di inviare messaggi pubblicitari in linea con le preferenze manifestate dallo stesso nell&#8217;ambito della navigazione in rete. In ragione della particolare invasivit\u00e0 che tali dispositivi possono avere nell&#8217;ambito della sfera privata degli utenti, la normativa europea e italiana prevede che l&#8217;utente debba essere adeguatamente informato sull&#8217;uso degli stessi ed esprimere cos\u00ec il proprio valido consenso.<\/p>\n<p>Ad essi si riferisce l&#8217;art. 122 del Codice laddove prevede che &#8220;l&#8217;archiviazione delle informazioni nell&#8217;apparecchio terminale di un contraente o di un utente o l&#8217;accesso a informazioni gi\u00e0 archiviate sono consentiti unicamente a condizione che il contraente o l&#8217;utente abbia espresso il proprio consenso dopo essere stato informato con le modalit\u00e0 semplificate di cui all&#8217;articolo 13, comma 3&#8221; (art. 122, comma 1, del Codice).<\/p><\/blockquote>\n<\/div>\n<h3>Cookie Presenti sul sito<\/h3>\n<h4>Google Analytics<\/h4>\n<p>Questo sito web utilizza un sistema di rilevamento delle statistiche offerto da Google Inc. Google Analytics, utilizza cookies che vengono depositati sul computer dell\u2019utente allo scopo di consentire a Savannahexplorers.com di analizzare come gli utenti navigano all\u2019interno del sito.<\/p>\n<p>Le informazioni generate dal cookie di Google Analytics sull&#8217;utilizzo di savannahexplorers.com da parte dell\u2019utente verranno trasmesse e depositate presso i server di Google, che utilizzer\u00e0 queste informazioni allo scopo di tracciare ed esaminare l\u2019utilizzo del sito da parte dell\u2019utente, compilando report anonimi sulle attivit\u00e0 dei visitatori all\u2019interno di <a href=\"http:\/\/savannahexplorers.com\">savannahexplorers.com<\/a>.<\/p>\n<p>L\u2019utente pu\u00f2 disabilitare in modo selettivo l\u2019azione di Google Analytics installando sul proprio browser la componente di opt-out fornito da Google. Per disabilitare l\u2019azione di Google Analytics, si rinvia al link di seguito indicato: <a href=\"https:\/\/tools.google.com\/dlpage\/gaoptout\" rel=\"nofollow noopener\" target=\"_blank\">https:\/\/tools.google.com\/dlpage\/gaoptout<\/a> .<\/p>\n<p>Per ulteriori informazioni visita il link: (<a href=\"https:\/\/www.google.it\/policies\/privacy\/partners\/\" rel=\"nofollow noopener\" target=\"_blank\">https:\/\/www.google.it\/policies\/privacy\/partners\/<\/a> ).<\/p>\n<h4>Facebook Custom Audience<\/h4>\n<p><a href=\"http:\/\/savannahexplorers.com\">savannahexplorers.com<\/a>, tramite l\u2019inserimento del \u201cpixel\u201d fornito da Facebook Inc, utilizza il sistema di Remarketing e Behavioral Targeting denominato Facebook Custom Audience.<\/p>\n<p>Per avere maggiori informazioni sulla <a href=\"https:\/\/www.facebook.com\/about\/privacy\/\" rel=\"nofollow noopener\" target=\"_blank\">Privacy Policy<\/a> di Facebook visita il link: <a href=\"https:\/\/www.facebook.com\/about\/privacy\/\" rel=\"nofollow noopener\" target=\"_blank\">https:\/\/www.facebook.com\/about\/privacy\/<\/a><\/p>\n<h4>Facebook Remarketing<\/h4>\n<p><a href=\"http:\/\/savannahexplorers.com\">savannahexplorers.com<\/a>, tramite l\u2019inserimento del \u201cpixel\u201d fornito da Facebook Inc, utilizza il sistema di Remarketing e Behavioral Targeting denominato Facebook Remarketing, pi\u00f9 comunemente conosciuto come pixel di conversione.<\/p>\n<p>Per avere maggiori informazioni sulla <a href=\"https:\/\/www.facebook.com\/about\/privacy\/\" rel=\"nofollow noopener\" target=\"_blank\">Privacy Policy<\/a> di Facebook visita il link: <a href=\"https:\/\/www.facebook.com\/about\/privacy\/\" rel=\"nofollow noopener\" target=\"_blank\">https:\/\/www.facebook.com\/about\/privacy\/<\/a><\/p>\n<h4>AdWords Remarketing (Google Inc.)<\/h4>\n<p><a href=\"http:\/\/savannahexplorers.com\">savannahexplorers.com<\/a>, tramite l\u2019inserimento i uno specifico script fornito da Google inc., utilizza il sistema di Remarketing e Behavioral Targeting denominato denominato Adwords.<\/p>\n<p>Per avere maggiori informazioni sulla <a href=\"https:\/\/www.facebook.com\/about\/privacy\/\" rel=\"nofollow noopener\" target=\"_blank\">Privacy Policy<\/a> di Google visita il link: <a href=\"http:\/\/www.google.com\/intl\/it\/policies\/privacy\/\" rel=\"nofollow noopener\" target=\"_blank\">www.google.com\/intl\/it\/policies\/privacy\/<\/a><\/p>\n<div class=\"cookie-law\">\n<h2 id=\"disable-cookie\">Come disabilitare i cookie<\/h2>\n<p>In base alla normativa vigente, savannahexplorers.com\u00a0non \u00e8 tenuto a\u00a0chiedere il consenso per i cookies tecnici,\u00a0in quanto necessari al solo scopo di fornire i servizi di base.<\/p>\n<p>Per tutte le altre tipologie di cookie il consenso all&#8217;utilizzo pu\u00f2 essere gestito attraverso la configurazione del proprio browser o tramite modifica delle impostazioni nell\u2019uso dei servizi di terze parti (cookie di terze parti).<\/p>\n<h3>Servizi cookie del browser<\/h3>\n<p>Qui potete trovare informazioni su come disabilitare i cookie del vostro browser; avvisiamo per\u00f2 che la rimozione delle funzionalit\u00e0 dei cookie relative al browser, potrebbe compromettere la navigazione sulla maggior parte dei siti web.<\/p>\n<h4>*Come disabilitare i cookies mediante configurazione del browser:<\/h4>\n<ul>\n<li><a title=\"Chrome Attivare o disattivare dei cookie\" href=\"https:\/\/support.google.com\/accounts\/answer\/61416?hl=it\" target=\"_blank\" rel=\"noopener nofollow\">Google Chrome<\/a><\/li>\n<li><a title=\"Firefox Attivare e disattivare i cookie\" href=\"https:\/\/support.mozilla.org\/it\/kb\/Attivare%20e%20disattivare%20i%20cookie\" target=\"_blank\" rel=\"noopener nofollow\"> Mozilla Firefox<\/a><\/li>\n<li><a title=\"Explorer Bloccare o consentire i cookie\" href=\"http:\/\/windows.microsoft.com\/it-it\/windows-vista\/block-or-allow-cookies\" target=\"_blank\" rel=\"noopener nofollow\"> Internet Explorer<\/a><\/li>\n<li><a title=\"Safari: Gestire cookie e altri dati dei siti web\" href=\"http:\/\/support.apple.com\/kb\/PH17191?viewlocale=it_IT&amp;locale=it_IT\" target=\"_blank\" rel=\"noopener nofollow\">Apple Safari<\/a><\/li>\n<li><a href=\"http:\/\/support.apple.com\/en-us\/HT201265\" target=\"_blank\" rel=\"noopener nofollow\">Safari iOS (dispositivi mobile)<\/a><\/li>\n<\/ul>\n<h3>Cookie di terze parti<\/h3>\n<p>Il Sito savannahexplorers.com\u00a0contiene cookie di terze parti (per le funzionalit\u00e0 social network) che dispongono di una propria informativa sulla privacy, che pu\u00f2 essere diversa dalla nostra. Si rende necessaria quindi la consultazione di tali informazioni, direttamente sui siti web che offrono questi servizi. Di seguito trovate i link alle pagine dei social network che utilizzano cookie sul nostro sito e le relative informazioni su come disabilitare tali funzionalit\u00e0.<\/p>\n<h4>Come disabilitare i cookie di terze parti:<\/h4>\n<ul>\n<li><a title=\"Privacy Google\" href=\"http:\/\/www.google.com\/policies\/privacy\/\" target=\"_blank\" rel=\"noopener nofollow\">Google Plus<\/a><\/li>\n<li><a title=\"Privacy Facebook\" href=\"https:\/\/www.facebook.com\/help\/cookies?ref_type=sitefooter\" target=\"_blank\" rel=\"noopener nofollow\">Facebook<\/a><\/li>\n<li><a title=\"Privacy twitter\" href=\"https:\/\/support.twitter.com\/articles\/20170519-uso-dei-cookie-e-di-altre-tecnologie-simili-da-parte-di-twitter#\" target=\"_blank\" rel=\"noopener nofollow\">Twitter<\/a><\/li>\n<li><a title=\"Privacy Policy di Linkedin\" href=\"https:\/\/www.linkedin.com\/legal\/cookie_policy\" target=\"_blank\" rel=\"noopener nofollow\">Linkedin<\/a><\/li>\n<\/ul>\n<\/div>\n","protected":false},"excerpt":{"rendered":"<p>In questa pagina troverete le informazioni sui cookie in base alla direttiva Europea 2009\/136\/CE denominata &#8220;Cookie Law&#8221; e le istruzioni su come disabilitare i cookie (vedi in fondo alla pagina). Le informazioni riportate di seguito, sono tratte dal sito web del Garante Italiano per la protezione dei dati personali http:\/\/www.garanteprivacy.it . Cosa sono i cookie? [&hellip;]<\/p>\n","protected":false},"author":1,"featured_media":0,"parent":0,"menu_order":0,"comment_status":"closed","ping_status":"closed","template":"","meta":{"footnotes":""},"class_list":["post-581","page","type-page","status-publish","hentry"],"_links":{"self":[{"href":"https:\/\/www.savannahexplorers.com\/blog\/wp-json\/wp\/v2\/pages\/581","targetHints":{"allow":["GET"]}}],"collection":[{"href":"https:\/\/www.savannahexplorers.com\/blog\/wp-json\/wp\/v2\/pages"}],"about":[{"href":"https:\/\/www.savannahexplorers.com\/blog\/wp-json\/wp\/v2\/types\/page"}],"author":[{"embeddable":true,"href":"https:\/\/www.savannahexplorers.com\/blog\/wp-json\/wp\/v2\/users\/1"}],"replies":[{"embeddable":true,"href":"https:\/\/www.savannahexplorers.com\/blog\/wp-json\/wp\/v2\/comments?post=581"}],"version-history":[{"count":5,"href":"https:\/\/www.savannahexplorers.com\/blog\/wp-json\/wp\/v2\/pages\/581\/revisions"}],"predecessor-version":[{"id":2239,"href":"https:\/\/www.savannahexplorers.com\/blog\/wp-json\/wp\/v2\/pages\/581\/revisions\/2239"}],"wp:attachment":[{"href":"https:\/\/www.savannahexplorers.com\/blog\/wp-json\/wp\/v2\/media?parent=581"}],"curies":[{"name":"wp","href":"https:\/\/api.w.org\/{rel}","templated":true}]}}